{"id":59,"date":"2025-07-17T01:23:52","date_gmt":"2025-07-16T23:23:52","guid":{"rendered":"https:\/\/fundacjazaopiekowani.com\/?page_id=59"},"modified":"2025-07-29T23:35:26","modified_gmt":"2025-07-29T21:35:26","slug":"59-2","status":"publish","type":"page","link":"https:\/\/fundacjazaopiekowani.com\/?page_id=59","title":{"rendered":"Media o Nas"},"content":{"rendered":"\n<div class=\"wp-block-group is-nowrap is-layout-flex wp-container-core-group-is-layout-6c531013 wp-block-group-is-layout-flex\">\n<p><a href=\"https:\/\/mazovia.pl\/pl\/dla_mediow\/informacje_prasowe\/naprzeciw-kryzysom-psychicznym--w-warszawie-powstaja-punkty-dla-dzieci-i-dla-doroslych.html?fbclid=IwY2xjawLlASZleHRuA2FlbQIxMQABHlXkRm2seG3yycFbMFevLfMVvWbNUdyeYsrXoBiHWndmMUygm8sU3ixNQCjs_aem_IbW-QbgrHGcauAWerNfhcw\"><strong>&#8222;Depresja i&nbsp;zaburzenia l\u0119kowe coraz cz\u0119\u015bciej obni\u017caj\u0105 jako\u015b\u0107 \u017cycia m\u0142odych ludzi. W&nbsp;Polsce ro\u015bnie liczba nastolatk\u00f3w korzystaj\u0105cych z&nbsp;pomocy psychologicznej, a&nbsp;hospitalizacje psychiatryczne dzieci i&nbsp;m\u0142odzie\u017cy wzros\u0142y w&nbsp;ostatnich latach o&nbsp;kilkadziesi\u0105t procent. Doro\u015bli r\u00f3wnie\u017c coraz cz\u0119\u015bciej do\u015bwiadczaj\u0105 wypalenia, stresu i&nbsp;depresji, pog\u0142\u0119bianych przez szybkie tempo \u017cycia i&nbsp;presj\u0119 spo\u0142eczn\u0105. W&nbsp;odpowiedzi na&nbsp;te potrzeby samorz\u0105d wojew\u00f3dztwa dzi\u0119ki 19&nbsp;mln z\u0142&nbsp;uruchamia 15&nbsp;o\u015brodk\u00f3w wsparcia dla dzieci i&nbsp;m\u0142odzie\u017cy oraz 15&nbsp;pilota\u017cowych punkt\u00f3w wsparcia dla doros\u0142ych.&#8221;<\/strong><\/a><\/p>\n<\/div>\n\n\n\n<div class=\"wp-block-group is-nowrap is-layout-flex wp-container-core-group-is-layout-6c531013 wp-block-group-is-layout-flex\"><\/div>\n\n\n\n<div class=\"wp-block-group is-nowrap is-layout-flex wp-container-core-group-is-layout-6c531013 wp-block-group-is-layout-flex\"><\/div>\n\n\n\n<div class=\"wp-block-group is-nowrap is-layout-flex wp-container-core-group-is-layout-6c531013 wp-block-group-is-layout-flex\"><\/div>\n\n\n\n<div class=\"wp-block-group alignwide has-global-padding is-layout-constrained wp-block-group-is-layout-constrained\">\n<figure class=\"wp-block-image size-large\"><img loading=\"lazy\" decoding=\"async\" width=\"1024\" height=\"668\" src=\"https:\/\/fundacjazaopiekowani.com\/wp-content\/uploads\/2025\/07\/tygodnik-1024x668.jpg\" alt=\"\" class=\"wp-image-88\" srcset=\"https:\/\/fundacjazaopiekowani.com\/wp-content\/uploads\/2025\/07\/tygodnik-1024x668.jpg 1024w, https:\/\/fundacjazaopiekowani.com\/wp-content\/uploads\/2025\/07\/tygodnik-300x196.jpg 300w, https:\/\/fundacjazaopiekowani.com\/wp-content\/uploads\/2025\/07\/tygodnik-768x501.jpg 768w, https:\/\/fundacjazaopiekowani.com\/wp-content\/uploads\/2025\/07\/tygodnik-1536x1002.jpg 1536w, https:\/\/fundacjazaopiekowani.com\/wp-content\/uploads\/2025\/07\/tygodnik.jpg 1974w\" sizes=\"auto, (max-width: 1024px) 100vw, 1024px\" \/><\/figure>\n<\/div>\n\n\n\n<p><a href=\"https:\/\/tygodniksiedlecki.com\/artykul\/w-siedlcach-powstanie-n1583040\"><strong>&#8222;\u2013 Nie b\u0119d\u0105 potrzebne skierowania czy wcze\u015bniejsza rejestracja. Na pewno udzielimy wsparcia \u2013 zapewnia Emilia Wojew\u00f3dzka, prezes Fundacji ZA(Opiekowani).<\/strong>&#8222;<\/a><\/p>\n\n\n\n<div class=\"wp-block-group is-nowrap is-layout-flex wp-container-core-group-is-layout-6c531013 wp-block-group-is-layout-flex\"><\/div>\n\n\n\n<div class=\"wp-block-group is-nowrap is-layout-flex wp-container-core-group-is-layout-6c531013 wp-block-group-is-layout-flex\"><\/div>\n\n\n\n<div class=\"wp-block-group is-nowrap is-layout-flex wp-container-core-group-is-layout-6c531013 wp-block-group-is-layout-flex\"><\/div>\n\n\n\n<figure class=\"wp-block-video\"><video height=\"778\" style=\"aspect-ratio: 360 \/ 778;\" width=\"360\" controls src=\"https:\/\/fundacjazaopiekowani.com\/wp-content\/uploads\/2025\/07\/Messenger_creation_C9AAEDA0-1FEE-43DB-9FFE-111712CBC88B.mp4\"><\/video><\/figure>\n\n\n\n<div class=\"wp-block-group alignfull has-global-padding is-layout-constrained wp-container-core-group-is-layout-0747478d wp-block-group-is-layout-constrained\" style=\"padding-top:var(--wp--preset--spacing--50);padding-right:var(--wp--preset--spacing--50);padding-bottom:var(--wp--preset--spacing--50);padding-left:var(--wp--preset--spacing--50)\">\n<div class=\"wp-block-columns alignwide is-layout-flex wp-container-core-columns-is-layout-ff4b9c61 wp-block-columns-is-layout-flex\" style=\"margin-top:0;margin-bottom:0\">\n<div class=\"wp-block-column is-layout-flow wp-container-core-column-is-layout-8a368f38 wp-block-column-is-layout-flow\">\n<div class=\"wp-block-query is-layout-flow wp-block-query-is-layout-flow\"><ul class=\"wp-block-post-template is-layout-flow wp-container-core-post-template-is-layout-dc68bcd2 wp-block-post-template-is-layout-flow\"><li class=\"wp-block-post post-1 post type-post status-publish format-standard hentry category-bez-kategorii\">\n\n<\/li><\/ul><\/div>\n<\/div>\n\n\n\n<div class=\"wp-block-column is-layout-flow wp-container-core-column-is-layout-8736a895 wp-block-column-is-layout-flow\" style=\"padding-top:0\">\n<div style=\"height:var(--wp--preset--spacing--50)\" aria-hidden=\"true\" class=\"wp-block-spacer\"><\/div>\n\n\n\n<div class=\"wp-block-query is-layout-flow wp-block-query-is-layout-flow\"><\/div>\n\n\n\n<div style=\"height:var(--wp--preset--spacing--50)\" aria-hidden=\"true\" class=\"wp-block-spacer\"><\/div>\n<\/div>\n\n\n\n<div class=\"wp-block-column is-layout-flow wp-container-core-column-is-layout-8a368f38 wp-block-column-is-layout-flow\">\n<div class=\"wp-block-query is-layout-flow wp-block-query-is-layout-flow\"><\/div>\n<\/div>\n\n\n\n<div class=\"wp-block-column is-layout-flow wp-container-core-column-is-layout-8736a895 wp-block-column-is-layout-flow\" style=\"padding-top:0\">\n<div style=\"height:var(--wp--preset--spacing--50)\" aria-hidden=\"true\" class=\"wp-block-spacer\"><\/div>\n\n\n\n<div class=\"wp-block-query is-layout-flow wp-block-query-is-layout-flow\"><\/div>\n\n\n\n<div style=\"height:var(--wp--preset--spacing--50)\" aria-hidden=\"true\" class=\"wp-block-spacer\"><\/div>\n<\/div>\n<\/div>\n<\/div>\n","protected":false},"excerpt":{"rendered":"<p>&#8222;Depresja i&nbsp;zaburzenia l\u0119kowe coraz cz\u0119\u015bciej obni\u017caj\u0105 jako\u015b\u0107 \u017cycia m\u0142odych ludzi. W&nbsp;Polsce ro\u015bnie liczba nastolatk\u00f3w korzystaj\u0105cych z&nbsp;pomocy psychologicznej, a&nbsp;hospitalizacje psychiatryczne dzieci i&nbsp;m\u0142odzie\u017cy wzros\u0142y w&nbsp;ostatnich latach o&nbsp;kilkadziesi\u0105t procent. Doro\u015bli r\u00f3wnie\u017c coraz cz\u0119\u015bciej do\u015bwiadczaj\u0105 wypalenia, stresu i&nbsp;depresji, pog\u0142\u0119bianych przez szybkie tempo \u017cycia i&nbsp;presj\u0119 spo\u0142eczn\u0105. W&nbsp;odpowiedzi na&nbsp;te potrzeby samorz\u0105d wojew\u00f3dztwa dzi\u0119ki 19&nbsp;mln z\u0142&nbsp;uruchamia 15&nbsp;o\u015brodk\u00f3w wsparcia dla dzieci i&nbsp;m\u0142odzie\u017cy oraz [&hellip;]<\/p>\n","protected":false},"author":1,"featured_media":79,"parent":0,"menu_order":0,"comment_status":"closed","ping_status":"closed","template":"","meta":{"footnotes":""},"class_list":["post-59","page","type-page","status-publish","has-post-thumbnail","hentry"],"yoast_head":"<!-- This site is optimized with the Yoast SEO plugin v25.4 - https:\/\/yoast.com\/wordpress\/plugins\/seo\/ -->\n<title>Media o Nas -<\/title>\n<meta name=\"robots\" content=\"index, follow, max-snippet:-1, max-image-preview:large, max-video-preview:-1\" \/>\n<link rel=\"canonical\" href=\"https:\/\/fundacjazaopiekowani.com\/?page_id=59\" \/>\n<meta property=\"og:locale\" content=\"pl_PL\" \/>\n<meta property=\"og:type\" content=\"article\" \/>\n<meta property=\"og:title\" content=\"Media o Nas -\" \/>\n<meta property=\"og:description\" content=\"&#8222;Depresja i&nbsp;zaburzenia l\u0119kowe coraz cz\u0119\u015bciej obni\u017caj\u0105 jako\u015b\u0107 \u017cycia m\u0142odych ludzi. W&nbsp;Polsce ro\u015bnie liczba nastolatk\u00f3w korzystaj\u0105cych z&nbsp;pomocy psychologicznej, a&nbsp;hospitalizacje psychiatryczne dzieci i&nbsp;m\u0142odzie\u017cy wzros\u0142y w&nbsp;ostatnich latach o&nbsp;kilkadziesi\u0105t procent. Doro\u015bli r\u00f3wnie\u017c coraz cz\u0119\u015bciej do\u015bwiadczaj\u0105 wypalenia, stresu i&nbsp;depresji, pog\u0142\u0119bianych przez szybkie tempo \u017cycia i&nbsp;presj\u0119 spo\u0142eczn\u0105. W&nbsp;odpowiedzi na&nbsp;te potrzeby samorz\u0105d wojew\u00f3dztwa dzi\u0119ki 19&nbsp;mln z\u0142&nbsp;uruchamia 15&nbsp;o\u015brodk\u00f3w wsparcia dla dzieci i&nbsp;m\u0142odzie\u017cy oraz [&hellip;]\" \/>\n<meta property=\"og:url\" content=\"https:\/\/fundacjazaopiekowani.com\/?page_id=59\" \/>\n<meta property=\"article:modified_time\" content=\"2025-07-29T21:35:26+00:00\" \/>\n<meta property=\"og:image\" content=\"https:\/\/fundacjazaopiekowani.com\/wp-content\/uploads\/2025\/07\/mazowsze-.jpg\" \/>\n\t<meta property=\"og:image:width\" content=\"1093\" \/>\n\t<meta property=\"og:image:height\" content=\"480\" \/>\n\t<meta property=\"og:image:type\" content=\"image\/jpeg\" \/>\n<meta name=\"twitter:card\" content=\"summary_large_image\" \/>\n<meta name=\"twitter:label1\" content=\"Szacowany czas czytania\" \/>\n\t<meta name=\"twitter:data1\" content=\"1 minuta\" \/>\n<script type=\"application\/ld+json\" class=\"yoast-schema-graph\">{\"@context\":\"https:\/\/schema.org\",\"@graph\":[{\"@type\":\"WebPage\",\"@id\":\"https:\/\/fundacjazaopiekowani.com\/?page_id=59\",\"url\":\"https:\/\/fundacjazaopiekowani.com\/?page_id=59\",\"name\":\"Media o Nas -\",\"isPartOf\":{\"@id\":\"https:\/\/fundacjazaopiekowani.com\/#website\"},\"primaryImageOfPage\":{\"@id\":\"https:\/\/fundacjazaopiekowani.com\/?page_id=59#primaryimage\"},\"image\":{\"@id\":\"https:\/\/fundacjazaopiekowani.com\/?page_id=59#primaryimage\"},\"thumbnailUrl\":\"https:\/\/fundacjazaopiekowani.com\/wp-content\/uploads\/2025\/07\/mazowsze-.jpg\",\"datePublished\":\"2025-07-16T23:23:52+00:00\",\"dateModified\":\"2025-07-29T21:35:26+00:00\",\"breadcrumb\":{\"@id\":\"https:\/\/fundacjazaopiekowani.com\/?page_id=59#breadcrumb\"},\"inLanguage\":\"pl-PL\",\"potentialAction\":[{\"@type\":\"ReadAction\",\"target\":[\"https:\/\/fundacjazaopiekowani.com\/?page_id=59\"]}]},{\"@type\":\"ImageObject\",\"inLanguage\":\"pl-PL\",\"@id\":\"https:\/\/fundacjazaopiekowani.com\/?page_id=59#primaryimage\",\"url\":\"https:\/\/fundacjazaopiekowani.com\/wp-content\/uploads\/2025\/07\/mazowsze-.jpg\",\"contentUrl\":\"https:\/\/fundacjazaopiekowani.com\/wp-content\/uploads\/2025\/07\/mazowsze-.jpg\",\"width\":1093,\"height\":480},{\"@type\":\"BreadcrumbList\",\"@id\":\"https:\/\/fundacjazaopiekowani.com\/?page_id=59#breadcrumb\",\"itemListElement\":[{\"@type\":\"ListItem\",\"position\":1,\"name\":\"Home\",\"item\":\"https:\/\/fundacjazaopiekowani.com\/\"},{\"@type\":\"ListItem\",\"position\":2,\"name\":\"Media o Nas\"}]},{\"@type\":\"WebSite\",\"@id\":\"https:\/\/fundacjazaopiekowani.com\/#website\",\"url\":\"https:\/\/fundacjazaopiekowani.com\/\",\"name\":\"\",\"description\":\"\",\"potentialAction\":[{\"@type\":\"SearchAction\",\"target\":{\"@type\":\"EntryPoint\",\"urlTemplate\":\"https:\/\/fundacjazaopiekowani.com\/?s={search_term_string}\"},\"query-input\":{\"@type\":\"PropertyValueSpecification\",\"valueRequired\":true,\"valueName\":\"search_term_string\"}}],\"inLanguage\":\"pl-PL\"}]}<\/script>\n<!-- \/ Yoast SEO plugin. -->","yoast_head_json":{"title":"Media o Nas -","robots":{"index":"index","follow":"follow","max-snippet":"max-snippet:-1","max-image-preview":"max-image-preview:large","max-video-preview":"max-video-preview:-1"},"canonical":"https:\/\/fundacjazaopiekowani.com\/?page_id=59","og_locale":"pl_PL","og_type":"article","og_title":"Media o Nas -","og_description":"&#8222;Depresja i&nbsp;zaburzenia l\u0119kowe coraz cz\u0119\u015bciej obni\u017caj\u0105 jako\u015b\u0107 \u017cycia m\u0142odych ludzi. W&nbsp;Polsce ro\u015bnie liczba nastolatk\u00f3w korzystaj\u0105cych z&nbsp;pomocy psychologicznej, a&nbsp;hospitalizacje psychiatryczne dzieci i&nbsp;m\u0142odzie\u017cy wzros\u0142y w&nbsp;ostatnich latach o&nbsp;kilkadziesi\u0105t procent. Doro\u015bli r\u00f3wnie\u017c coraz cz\u0119\u015bciej do\u015bwiadczaj\u0105 wypalenia, stresu i&nbsp;depresji, pog\u0142\u0119bianych przez szybkie tempo \u017cycia i&nbsp;presj\u0119 spo\u0142eczn\u0105. W&nbsp;odpowiedzi na&nbsp;te potrzeby samorz\u0105d wojew\u00f3dztwa dzi\u0119ki 19&nbsp;mln z\u0142&nbsp;uruchamia 15&nbsp;o\u015brodk\u00f3w wsparcia dla dzieci i&nbsp;m\u0142odzie\u017cy oraz [&hellip;]","og_url":"https:\/\/fundacjazaopiekowani.com\/?page_id=59","article_modified_time":"2025-07-29T21:35:26+00:00","og_image":[{"width":1093,"height":480,"url":"https:\/\/fundacjazaopiekowani.com\/wp-content\/uploads\/2025\/07\/mazowsze-.jpg","type":"image\/jpeg"}],"twitter_card":"summary_large_image","twitter_misc":{"Szacowany czas czytania":"1 minuta"},"schema":{"@context":"https:\/\/schema.org","@graph":[{"@type":"WebPage","@id":"https:\/\/fundacjazaopiekowani.com\/?page_id=59","url":"https:\/\/fundacjazaopiekowani.com\/?page_id=59","name":"Media o Nas -","isPartOf":{"@id":"https:\/\/fundacjazaopiekowani.com\/#website"},"primaryImageOfPage":{"@id":"https:\/\/fundacjazaopiekowani.com\/?page_id=59#primaryimage"},"image":{"@id":"https:\/\/fundacjazaopiekowani.com\/?page_id=59#primaryimage"},"thumbnailUrl":"https:\/\/fundacjazaopiekowani.com\/wp-content\/uploads\/2025\/07\/mazowsze-.jpg","datePublished":"2025-07-16T23:23:52+00:00","dateModified":"2025-07-29T21:35:26+00:00","breadcrumb":{"@id":"https:\/\/fundacjazaopiekowani.com\/?page_id=59#breadcrumb"},"inLanguage":"pl-PL","potentialAction":[{"@type":"ReadAction","target":["https:\/\/fundacjazaopiekowani.com\/?page_id=59"]}]},{"@type":"ImageObject","inLanguage":"pl-PL","@id":"https:\/\/fundacjazaopiekowani.com\/?page_id=59#primaryimage","url":"https:\/\/fundacjazaopiekowani.com\/wp-content\/uploads\/2025\/07\/mazowsze-.jpg","contentUrl":"https:\/\/fundacjazaopiekowani.com\/wp-content\/uploads\/2025\/07\/mazowsze-.jpg","width":1093,"height":480},{"@type":"BreadcrumbList","@id":"https:\/\/fundacjazaopiekowani.com\/?page_id=59#breadcrumb","itemListElement":[{"@type":"ListItem","position":1,"name":"Home","item":"https:\/\/fundacjazaopiekowani.com\/"},{"@type":"ListItem","position":2,"name":"Media o Nas"}]},{"@type":"WebSite","@id":"https:\/\/fundacjazaopiekowani.com\/#website","url":"https:\/\/fundacjazaopiekowani.com\/","name":"","description":"","potentialAction":[{"@type":"SearchAction","target":{"@type":"EntryPoint","urlTemplate":"https:\/\/fundacjazaopiekowani.com\/?s={search_term_string}"},"query-input":{"@type":"PropertyValueSpecification","valueRequired":true,"valueName":"search_term_string"}}],"inLanguage":"pl-PL"}]}},"_links":{"self":[{"href":"https:\/\/fundacjazaopiekowani.com\/index.php?rest_route=\/wp\/v2\/pages\/59","targetHints":{"allow":["GET"]}}],"collection":[{"href":"https:\/\/fundacjazaopiekowani.com\/index.php?rest_route=\/wp\/v2\/pages"}],"about":[{"href":"https:\/\/fundacjazaopiekowani.com\/index.php?rest_route=\/wp\/v2\/types\/page"}],"author":[{"embeddable":true,"href":"https:\/\/fundacjazaopiekowani.com\/index.php?rest_route=\/wp\/v2\/users\/1"}],"replies":[{"embeddable":true,"href":"https:\/\/fundacjazaopiekowani.com\/index.php?rest_route=%2Fwp%2Fv2%2Fcomments&post=59"}],"version-history":[{"count":11,"href":"https:\/\/fundacjazaopiekowani.com\/index.php?rest_route=\/wp\/v2\/pages\/59\/revisions"}],"predecessor-version":[{"id":96,"href":"https:\/\/fundacjazaopiekowani.com\/index.php?rest_route=\/wp\/v2\/pages\/59\/revisions\/96"}],"wp:featuredmedia":[{"embeddable":true,"href":"https:\/\/fundacjazaopiekowani.com\/index.php?rest_route=\/wp\/v2\/media\/79"}],"wp:attachment":[{"href":"https:\/\/fundacjazaopiekowani.com\/index.php?rest_route=%2Fwp%2Fv2%2Fmedia&parent=59"}],"curies":[{"name":"wp","href":"https:\/\/api.w.org\/{rel}","templated":true}]}}