{"id":30,"date":"2025-07-15T23:29:04","date_gmt":"2025-07-15T21:29:04","guid":{"rendered":"https:\/\/fundacjazaopiekowani.com\/?page_id=30"},"modified":"2026-03-18T23:34:44","modified_gmt":"2026-03-18T22:34:44","slug":"30-2","status":"publish","type":"page","link":"https:\/\/fundacjazaopiekowani.com\/?page_id=30","title":{"rendered":"Aktualno\u015bci"},"content":{"rendered":"\n<p><strong>2025 za nami, zako\u0144czyli\u015bmy ju\u017c prac\u0119 nad podsumowaniami i sprawozdaniami.<br><br>To by\u0142 rok intensywnej pracy, nauki w nowych obszarach funkcjonowania, s\u0142uchania i bycia obok tam, gdzie by\u0142o to najbardziej potrzebne.<br><br>W minionym roku obj\u0119li\u015bmy wsparciem ponad 800 os\u00f3b \u2013 dzieci, m\u0142odzie\u017c, rodzic\u00f3w, opiekun\u00f3w zast\u0119pczych, nauczycieli i specjalist\u00f3w. Realizowali\u015bmy a\u017c 5 projekt\u00f3w ze \u015brodk\u00f3w publicznych; dwa z nich realizowane by\u0142y z funduszy miasta Siedlce w ramach dzia\u0142ania \u201ePrzeciwdzia\u0142anie uzale\u017cnieniom i patologiom spo\u0142ecznym\u201d, a 3 pozosta\u0142e to O\u015brodek Wsparcia \u2013 (ZA)OPIEKOWANI 3letnie Zadanie publiczne dofinansowane ze \u015brodk\u00f3w Samorz\u0105du Wojew\u00f3dztwa Mazowieckiego, oraz \u201eWra\u017cliwi na emocje, otwarci na dialog \u2013 wsparcie opiekun\u00f3w z pieczy zast\u0119pczej.\u201d oraz \u201eWsparcie dzieci z rodzin zast\u0119pczych.\u201d to Zadanie publiczne sfinansowane ze \u015brodk\u00f3w Samorz\u0105du Wojew\u00f3dztwa Mazowieckiego.<br>Pracowali\u015bmy z tymi, kt\u00f3rzy zmagaj\u0105 si\u0119 z kryzysami emocjonalnymi, trudnymi do\u015bwiadczeniami, przeci\u0105\u017ceniem i brakiem poczucia bezpiecze\u0144stwa. By\u0142y konsultacje psychologiczne i psychoterapia, grupy socjoterapeutyczne, zaj\u0119cia alternatywne sposoby sp\u0119dzania wsp\u00f3lnego czasu, warsztaty psychoedukacyjne w szko\u0142ach, diagnozy dzieci z pieczy zast\u0119pczej, grupy wsparcia dla rodzic\u00f3w, warsztaty z wystarczaj\u0105co dobrego rodzicielstwa, j\u0119zyka szacunku, \u015bwi\u0105tecznego r\u0119kodzie\u0142a, program wzmacniania rodziny, treningi uwa\u017cno\u015bci, zaj\u0119cia sportowe i integracyjne, a tak\u017ce szkolenia dla nauczycieli i specjalist\u00f3w.<br>By\u0142a praca nad emocjami, relacjami, komunikacj\u0105 i poczuciem sprawczo\u015bci.<br>By\u0142o wzmacnianie rodzin, budowanie kompetencji doros\u0142ych i tworzenie bezpiecznych przestrzeni dla dzieci i m\u0142odzie\u017cy.<br>By\u0142o te\u017c du\u017co cichych moment\u00f3w, kt\u00f3re nie mieszcz\u0105 si\u0119 w statystykach \u2013 rozm\u00f3w, ulg, ma\u0142ych krok\u00f3w i du\u017cych decyzji i decyzji trudnych.<br>Ten rok pokaza\u0142 nam jedno bardzo wyra\u017anie:<br>realna zmiana dzieje si\u0119 wtedy, gdy wsparcie jest dost\u0119pne, sp\u00f3jne i d\u0142ugofalowe.<br>Dzi\u0119kujemy wszystkim uczestnikom za zaufanie.<br>Dzi\u0119kujemy specjalistom za zaanga\u017cowanie i profesjonalizm.<br>Dzi\u0119kujemy instytucjom za wsp\u00f3\u0142prac\u0119.<br>Idziemy dalej z nowymi pomys\u0142ami, kontynuacj\u0105 rozpocz\u0119tych dzia\u0142a\u0144. Z uwa\u017cno\u015bci\u0105. Z odpowiedzialno\u015bci\u0105. Z my\u015bl\u0105 o tych, kt\u00f3rzy najbardziej tego potrzebuj\u0105.<\/strong><\/p>\n","protected":false},"excerpt":{"rendered":"<p>2025 za nami, zako\u0144czyli\u015bmy ju\u017c prac\u0119 nad podsumowaniami i sprawozdaniami. To by\u0142 rok intensywnej pracy, nauki w nowych obszarach funkcjonowania, s\u0142uchania i bycia obok tam, gdzie by\u0142o to najbardziej potrzebne. W minionym roku obj\u0119li\u015bmy wsparciem ponad 800 os\u00f3b \u2013 dzieci, m\u0142odzie\u017c, rodzic\u00f3w, opiekun\u00f3w zast\u0119pczych, nauczycieli i specjalist\u00f3w. Realizowali\u015bmy a\u017c 5 projekt\u00f3w ze \u015brodk\u00f3w publicznych; dwa [&hellip;]<\/p>\n","protected":false},"author":1,"featured_media":163,"parent":0,"menu_order":0,"comment_status":"closed","ping_status":"closed","template":"","meta":{"footnotes":""},"class_list":["post-30","page","type-page","status-publish","has-post-thumbnail","hentry"],"yoast_head":"<!-- This site is optimized with the Yoast SEO plugin v25.4 - https:\/\/yoast.com\/wordpress\/plugins\/seo\/ -->\n<title>Aktualno\u015bci -<\/title>\n<meta name=\"robots\" content=\"index, follow, max-snippet:-1, max-image-preview:large, max-video-preview:-1\" \/>\n<link rel=\"canonical\" href=\"https:\/\/fundacjazaopiekowani.com\/?page_id=30\" \/>\n<meta property=\"og:locale\" content=\"pl_PL\" \/>\n<meta property=\"og:type\" content=\"article\" \/>\n<meta property=\"og:title\" content=\"Aktualno\u015bci -\" \/>\n<meta property=\"og:description\" content=\"2025 za nami, zako\u0144czyli\u015bmy ju\u017c prac\u0119 nad podsumowaniami i sprawozdaniami. To by\u0142 rok intensywnej pracy, nauki w nowych obszarach funkcjonowania, s\u0142uchania i bycia obok tam, gdzie by\u0142o to najbardziej potrzebne. W minionym roku obj\u0119li\u015bmy wsparciem ponad 800 os\u00f3b \u2013 dzieci, m\u0142odzie\u017c, rodzic\u00f3w, opiekun\u00f3w zast\u0119pczych, nauczycieli i specjalist\u00f3w. Realizowali\u015bmy a\u017c 5 projekt\u00f3w ze \u015brodk\u00f3w publicznych; dwa [&hellip;]\" \/>\n<meta property=\"og:url\" content=\"https:\/\/fundacjazaopiekowani.com\/?page_id=30\" \/>\n<meta property=\"article:modified_time\" content=\"2026-03-18T22:34:44+00:00\" \/>\n<meta property=\"og:image\" content=\"https:\/\/fundacjazaopiekowani.com\/wp-content\/uploads\/2026\/03\/ofe.jpg\" \/>\n\t<meta property=\"og:image:width\" content=\"1414\" \/>\n\t<meta property=\"og:image:height\" content=\"2000\" \/>\n\t<meta property=\"og:image:type\" content=\"image\/jpeg\" \/>\n<meta name=\"twitter:card\" content=\"summary_large_image\" \/>\n<meta name=\"twitter:label1\" content=\"Szacowany czas czytania\" \/>\n\t<meta name=\"twitter:data1\" content=\"2 minuty\" \/>\n<script type=\"application\/ld+json\" class=\"yoast-schema-graph\">{\"@context\":\"https:\/\/schema.org\",\"@graph\":[{\"@type\":\"WebPage\",\"@id\":\"https:\/\/fundacjazaopiekowani.com\/?page_id=30\",\"url\":\"https:\/\/fundacjazaopiekowani.com\/?page_id=30\",\"name\":\"Aktualno\u015bci -\",\"isPartOf\":{\"@id\":\"https:\/\/fundacjazaopiekowani.com\/#website\"},\"primaryImageOfPage\":{\"@id\":\"https:\/\/fundacjazaopiekowani.com\/?page_id=30#primaryimage\"},\"image\":{\"@id\":\"https:\/\/fundacjazaopiekowani.com\/?page_id=30#primaryimage\"},\"thumbnailUrl\":\"https:\/\/fundacjazaopiekowani.com\/wp-content\/uploads\/2026\/03\/ofe.jpg\",\"datePublished\":\"2025-07-15T21:29:04+00:00\",\"dateModified\":\"2026-03-18T22:34:44+00:00\",\"breadcrumb\":{\"@id\":\"https:\/\/fundacjazaopiekowani.com\/?page_id=30#breadcrumb\"},\"inLanguage\":\"pl-PL\",\"potentialAction\":[{\"@type\":\"ReadAction\",\"target\":[\"https:\/\/fundacjazaopiekowani.com\/?page_id=30\"]}]},{\"@type\":\"ImageObject\",\"inLanguage\":\"pl-PL\",\"@id\":\"https:\/\/fundacjazaopiekowani.com\/?page_id=30#primaryimage\",\"url\":\"https:\/\/fundacjazaopiekowani.com\/wp-content\/uploads\/2026\/03\/ofe.jpg\",\"contentUrl\":\"https:\/\/fundacjazaopiekowani.com\/wp-content\/uploads\/2026\/03\/ofe.jpg\",\"width\":1414,\"height\":2000},{\"@type\":\"BreadcrumbList\",\"@id\":\"https:\/\/fundacjazaopiekowani.com\/?page_id=30#breadcrumb\",\"itemListElement\":[{\"@type\":\"ListItem\",\"position\":1,\"name\":\"Home\",\"item\":\"https:\/\/fundacjazaopiekowani.com\/\"},{\"@type\":\"ListItem\",\"position\":2,\"name\":\"Aktualno\u015bci\"}]},{\"@type\":\"WebSite\",\"@id\":\"https:\/\/fundacjazaopiekowani.com\/#website\",\"url\":\"https:\/\/fundacjazaopiekowani.com\/\",\"name\":\"\",\"description\":\"\",\"potentialAction\":[{\"@type\":\"SearchAction\",\"target\":{\"@type\":\"EntryPoint\",\"urlTemplate\":\"https:\/\/fundacjazaopiekowani.com\/?s={search_term_string}\"},\"query-input\":{\"@type\":\"PropertyValueSpecification\",\"valueRequired\":true,\"valueName\":\"search_term_string\"}}],\"inLanguage\":\"pl-PL\"}]}<\/script>\n<!-- \/ Yoast SEO plugin. -->","yoast_head_json":{"title":"Aktualno\u015bci -","robots":{"index":"index","follow":"follow","max-snippet":"max-snippet:-1","max-image-preview":"max-image-preview:large","max-video-preview":"max-video-preview:-1"},"canonical":"https:\/\/fundacjazaopiekowani.com\/?page_id=30","og_locale":"pl_PL","og_type":"article","og_title":"Aktualno\u015bci -","og_description":"2025 za nami, zako\u0144czyli\u015bmy ju\u017c prac\u0119 nad podsumowaniami i sprawozdaniami. To by\u0142 rok intensywnej pracy, nauki w nowych obszarach funkcjonowania, s\u0142uchania i bycia obok tam, gdzie by\u0142o to najbardziej potrzebne. W minionym roku obj\u0119li\u015bmy wsparciem ponad 800 os\u00f3b \u2013 dzieci, m\u0142odzie\u017c, rodzic\u00f3w, opiekun\u00f3w zast\u0119pczych, nauczycieli i specjalist\u00f3w. Realizowali\u015bmy a\u017c 5 projekt\u00f3w ze \u015brodk\u00f3w publicznych; dwa [&hellip;]","og_url":"https:\/\/fundacjazaopiekowani.com\/?page_id=30","article_modified_time":"2026-03-18T22:34:44+00:00","og_image":[{"width":1414,"height":2000,"url":"https:\/\/fundacjazaopiekowani.com\/wp-content\/uploads\/2026\/03\/ofe.jpg","type":"image\/jpeg"}],"twitter_card":"summary_large_image","twitter_misc":{"Szacowany czas czytania":"2 minuty"},"schema":{"@context":"https:\/\/schema.org","@graph":[{"@type":"WebPage","@id":"https:\/\/fundacjazaopiekowani.com\/?page_id=30","url":"https:\/\/fundacjazaopiekowani.com\/?page_id=30","name":"Aktualno\u015bci -","isPartOf":{"@id":"https:\/\/fundacjazaopiekowani.com\/#website"},"primaryImageOfPage":{"@id":"https:\/\/fundacjazaopiekowani.com\/?page_id=30#primaryimage"},"image":{"@id":"https:\/\/fundacjazaopiekowani.com\/?page_id=30#primaryimage"},"thumbnailUrl":"https:\/\/fundacjazaopiekowani.com\/wp-content\/uploads\/2026\/03\/ofe.jpg","datePublished":"2025-07-15T21:29:04+00:00","dateModified":"2026-03-18T22:34:44+00:00","breadcrumb":{"@id":"https:\/\/fundacjazaopiekowani.com\/?page_id=30#breadcrumb"},"inLanguage":"pl-PL","potentialAction":[{"@type":"ReadAction","target":["https:\/\/fundacjazaopiekowani.com\/?page_id=30"]}]},{"@type":"ImageObject","inLanguage":"pl-PL","@id":"https:\/\/fundacjazaopiekowani.com\/?page_id=30#primaryimage","url":"https:\/\/fundacjazaopiekowani.com\/wp-content\/uploads\/2026\/03\/ofe.jpg","contentUrl":"https:\/\/fundacjazaopiekowani.com\/wp-content\/uploads\/2026\/03\/ofe.jpg","width":1414,"height":2000},{"@type":"BreadcrumbList","@id":"https:\/\/fundacjazaopiekowani.com\/?page_id=30#breadcrumb","itemListElement":[{"@type":"ListItem","position":1,"name":"Home","item":"https:\/\/fundacjazaopiekowani.com\/"},{"@type":"ListItem","position":2,"name":"Aktualno\u015bci"}]},{"@type":"WebSite","@id":"https:\/\/fundacjazaopiekowani.com\/#website","url":"https:\/\/fundacjazaopiekowani.com\/","name":"","description":"","potentialAction":[{"@type":"SearchAction","target":{"@type":"EntryPoint","urlTemplate":"https:\/\/fundacjazaopiekowani.com\/?s={search_term_string}"},"query-input":{"@type":"PropertyValueSpecification","valueRequired":true,"valueName":"search_term_string"}}],"inLanguage":"pl-PL"}]}},"_links":{"self":[{"href":"https:\/\/fundacjazaopiekowani.com\/index.php?rest_route=\/wp\/v2\/pages\/30","targetHints":{"allow":["GET"]}}],"collection":[{"href":"https:\/\/fundacjazaopiekowani.com\/index.php?rest_route=\/wp\/v2\/pages"}],"about":[{"href":"https:\/\/fundacjazaopiekowani.com\/index.php?rest_route=\/wp\/v2\/types\/page"}],"author":[{"embeddable":true,"href":"https:\/\/fundacjazaopiekowani.com\/index.php?rest_route=\/wp\/v2\/users\/1"}],"replies":[{"embeddable":true,"href":"https:\/\/fundacjazaopiekowani.com\/index.php?rest_route=%2Fwp%2Fv2%2Fcomments&post=30"}],"version-history":[{"count":4,"href":"https:\/\/fundacjazaopiekowani.com\/index.php?rest_route=\/wp\/v2\/pages\/30\/revisions"}],"predecessor-version":[{"id":158,"href":"https:\/\/fundacjazaopiekowani.com\/index.php?rest_route=\/wp\/v2\/pages\/30\/revisions\/158"}],"wp:featuredmedia":[{"embeddable":true,"href":"https:\/\/fundacjazaopiekowani.com\/index.php?rest_route=\/wp\/v2\/media\/163"}],"wp:attachment":[{"href":"https:\/\/fundacjazaopiekowani.com\/index.php?rest_route=%2Fwp%2Fv2%2Fmedia&parent=30"}],"curies":[{"name":"wp","href":"https:\/\/api.w.org\/{rel}","templated":true}]}}