{"id":27,"date":"2025-07-15T23:24:48","date_gmt":"2025-07-15T21:24:48","guid":{"rendered":"https:\/\/fundacjazaopiekowani.com\/?page_id=27"},"modified":"2025-07-30T00:31:57","modified_gmt":"2025-07-29T22:31:57","slug":"27-2","status":"publish","type":"page","link":"https:\/\/fundacjazaopiekowani.com\/?page_id=27","title":{"rendered":"O Nas"},"content":{"rendered":"\n<div class=\"wp-block-group alignfull has-accent-background-color has-background has-global-padding is-layout-constrained wp-container-core-group-is-layout-669513ed wp-block-group-is-layout-constrained\" style=\"margin-top:0;margin-bottom:0;padding-top:var(--wp--preset--spacing--50);padding-right:var(--wp--preset--spacing--50);padding-bottom:var(--wp--preset--spacing--50);padding-left:var(--wp--preset--spacing--50)\">\n<div class=\"wp-block-columns alignwide is-layout-flex wp-container-core-columns-is-layout-1da03c2a wp-block-columns-is-layout-flex\">\n<div class=\"wp-block-column is-vertically-aligned-stretch is-layout-flow wp-block-column-is-layout-flow\" style=\"flex-basis:50%\">\n<div class=\"wp-block-group is-vertical is-content-justification-stretch is-layout-flex wp-container-core-group-is-layout-444d5ee8 wp-block-group-is-layout-flex\" style=\"min-height:100%\">\n<p class=\"has-heading-font-family has-x-large-font-size\" style=\"line-height:1.2\">FUNDACJA (ZA)OPIEKOWANI powsta\u0142a w 2024r z potrzeby serca \u2014 ale te\u017c z g\u0142\u0119bokiego przekonania, \u017ce zdrowie psychiczne to fundament, o kt\u00f3ry warto dba\u0107 od najm\u0142odszych lat.<\/p>\n\n\n\n<div class=\"wp-block-group has-global-padding is-content-justification-left is-layout-constrained wp-container-core-group-is-layout-9fe8ed88 wp-block-group-is-layout-constrained\">\n<p class=\"wp-container-content-0733e5d0\"><\/p>\n<\/div>\n<\/div>\n<\/div>\n\n\n\n<div class=\"wp-block-column is-vertically-aligned-center is-layout-flow wp-block-column-is-layout-flow\" style=\"flex-basis:50%\">\n<figure class=\"wp-block-image alignright size-large is-resized is-style-rounded is-style-rounded--1\"><img decoding=\"async\" src=\"https:\/\/fundacjazaopiekowani.com\/wp-content\/themes\/twentytwentyfour\/assets\/images\/museum.webp\" alt=\"Rampa wzd\u0142u\u017c zakrzywionej \u015bciany w muzeum Kiasma, Helsinki, Finlandia\" style=\"aspect-ratio:0.75;object-fit:cover;width:322px;height:auto\"\/><\/figure>\n<\/div>\n<\/div>\n<\/div>\n\n\n\n<div class=\"wp-block-group alignfull has-base-background-color has-background has-global-padding is-layout-constrained wp-container-core-group-is-layout-d89aad35 wp-block-group-is-layout-constrained\" style=\"margin-top:0;margin-bottom:0;padding-top:var(--wp--preset--spacing--50);padding-right:var(--wp--preset--spacing--50);padding-bottom:var(--wp--preset--spacing--50);padding-left:var(--wp--preset--spacing--50)\">\n<div class=\"wp-block-columns is-layout-flex wp-container-core-columns-is-layout-28f84493 wp-block-columns-is-layout-flex\">\n<div class=\"wp-block-column is-layout-flow wp-block-column-is-layout-flow\" style=\"flex-basis:100%\">\n<p class=\"has-text-align-left has-heading-font-family has-x-large-font-size\" style=\"line-height:1.2\">Pojawi\u0142y\u015bmy si\u0119, by wspiera\u0107 dzieci, m\u0142odzie\u017c, ich rodziny, a tak\u017ce osoby doros\u0142e \u2014 niezale\u017cnie od wieku czy \u017cyciowego etapu. Bo ka\u017cdemu nale\u017cy si\u0119 przestrze\u0144, w kt\u00f3rej mo\u017ce poczu\u0107 si\u0119 bezpiecznie, zrozumianie i (za)opiekowanie. Nasz\u0105 misj\u0105 jest budowanie \u015bwiadomo\u015bci wok\u00f3\u0142 bezpiecznej wi\u0119zi, relacji i emocji, a tak\u017ce oferowanie wsparcia psychoedukacyjnego i terapeutycznego. Wierzymy, \u017ce dobra relacja z samym sob\u0105 i z bliskimi zaczyna si\u0119 od zrozumienia \u2014 siebie, swoich emocji i do\u015bwiadcze\u0144. W\u0142a\u015bnie dlatego dzia\u0142amy edukacyjnie, wspieraj\u0105co, ale te\u017c bardzo praktycznie. Realizujemy projekty profilaktyczne, m.in. z zakresu profilaktyki uzale\u017cnie\u0144, tworzymy przestrzenie do rozm\u00f3w o emocjach, organizujemy warsztaty, spotkania i dzia\u0142ania terapeutyczne. Zesp\u00f3\u0142 fundacji tworz\u0105 specjali\u015bci aktywnie pracuj\u0105cy w obszarze zdrowia psychicznego \u2014 psycholodzy, pedagodzy, terapeuci \u2014 osoby z wieloletnim do\u015bwiadczeniem, pasj\u0105 i uwa\u017cno\u015bci\u0105 na drugiego cz\u0142owieka. Wsp\u00f3\u0142pracujemy, dzielimy si\u0119 wiedz\u0105 i tworzymy miejsce, w kt\u00f3rym pomoc nie jest luksusem, lecz czym\u015b dost\u0119pnym, czu\u0142ym i realnym.<\/p>\n<\/div>\n<\/div>\n\n\n\n<div class=\"wp-block-columns is-layout-flex wp-container-core-columns-is-layout-87beb0d0 wp-block-columns-is-layout-flex\">\n<div class=\"wp-block-column is-layout-flow wp-block-column-is-layout-flow\">\n<p class=\"wp-container-content-9cfa9a5a\"><\/p>\n\n\n\n<p><\/p>\n<\/div>\n<\/div>\n<\/div>\n\n\n\n<div class=\"wp-block-group alignfull has-accent-5-background-color has-background is-vertical is-content-justification-center is-layout-flex wp-container-core-group-is-layout-eb0e5e5d wp-block-group-is-layout-flex\" style=\"margin-top:0;margin-bottom:0;padding-top:var(--wp--preset--spacing--50);padding-right:var(--wp--preset--spacing--50);padding-bottom:var(--wp--preset--spacing--50);padding-left:var(--wp--preset--spacing--50)\">\n<div class=\"wp-block-columns alignwide is-layout-flex wp-container-core-columns-is-layout-1da03c2a wp-block-columns-is-layout-flex\">\n<div class=\"wp-block-column is-layout-flow wp-block-column-is-layout-flow\">\n<h2 class=\"wp-block-heading\"><strong>Poznaj Nasz Zesp\u00f3\u0142 <\/strong><\/h2>\n<\/div>\n<\/div>\n<\/div>\n\n\n\n<div class=\"wp-block-group alignfull has-global-padding is-layout-constrained wp-container-core-group-is-layout-669513ed wp-block-group-is-layout-constrained\" style=\"margin-top:0;margin-bottom:0;padding-top:var(--wp--preset--spacing--50);padding-right:var(--wp--preset--spacing--50);padding-bottom:var(--wp--preset--spacing--50);padding-left:var(--wp--preset--spacing--50)\">\n<div class=\"wp-block-columns alignwide is-layout-flex wp-container-core-columns-is-layout-4935966c wp-block-columns-is-layout-flex\" style=\"padding-right:0;padding-left:0\">\n<div class=\"wp-block-column is-layout-flow wp-block-column-is-layout-flow\">\n\n\n<div class=\"wp-block-group is-vertical is-content-justification-center is-nowrap is-layout-flex wp-container-core-group-is-layout-21d4e958 wp-block-group-is-layout-flex\">\n<p class=\"has-text-align-center has-small-font-size\"><strong>Joanna Skorupa-Skubisz<\/strong><\/p>\n\n\n\n<p class=\"has-text-align-center has-small-font-size\">Psycholog<\/p>\n<\/div>\n<\/div>\n\n\n\n<div class=\"wp-block-column is-layout-flow wp-block-column-is-layout-flow\">\n\n\n<div class=\"wp-block-group is-vertical is-content-justification-center is-nowrap is-layout-flex wp-container-core-group-is-layout-63bfd6c1 wp-block-group-is-layout-flex\">\n<p class=\"has-text-align-center has-small-font-size\"><strong>Urszula Nowicka<\/strong><\/p>\n\n\n\n<p class=\"has-text-align-center has-small-font-size\">Psycholog<\/p>\n<\/div>\n<\/div>\n\n\n\n<div class=\"wp-block-column is-layout-flow wp-block-column-is-layout-flow\">\n\n\n<div class=\"wp-block-group is-vertical is-content-justification-center is-nowrap is-layout-flex wp-container-core-group-is-layout-63bfd6c1 wp-block-group-is-layout-flex\">\n<p class=\"has-text-align-center has-small-font-size\"><strong>Ma\u0142gorzata Kwiatkowska<\/strong> <\/p>\n\n\n\n<p class=\"has-text-align-center has-small-font-size\">Psycholog, certyfikowany psychoterapeuta<\/p>\n<\/div>\n<\/div>\n\n\n\n<div class=\"wp-block-column is-layout-flow wp-block-column-is-layout-flow\">\n\n\n<div class=\"wp-block-group is-vertical is-content-justification-center is-nowrap is-layout-flex wp-container-core-group-is-layout-21d4e958 wp-block-group-is-layout-flex\">\n<p class=\"has-text-align-center has-small-font-size\"><strong>Ewa Mazur<\/strong><\/p>\n\n\n\n<p class=\"has-text-align-center has-small-font-size\">Pedagog, socjoterapeuta<\/p>\n<\/div>\n<\/div>\n<\/div>\n<\/div>\n\n\n\n<div class=\"wp-block-group alignfull has-global-padding is-layout-constrained wp-container-core-group-is-layout-669513ed wp-block-group-is-layout-constrained\" style=\"margin-top:0;margin-bottom:0;padding-top:var(--wp--preset--spacing--50);padding-right:var(--wp--preset--spacing--50);padding-bottom:var(--wp--preset--spacing--50);padding-left:var(--wp--preset--spacing--50)\">\n<div class=\"wp-block-columns alignwide is-layout-flex wp-container-core-columns-is-layout-4935966c wp-block-columns-is-layout-flex\" style=\"padding-right:0;padding-left:0\">\n<div class=\"wp-block-column is-layout-flow wp-block-column-is-layout-flow\">\n\n\n<div class=\"wp-block-group is-vertical is-content-justification-center is-nowrap is-layout-flex wp-container-core-group-is-layout-21d4e958 wp-block-group-is-layout-flex\">\n<p class=\"has-text-align-center has-small-font-size\"><strong>Emilia Wojew\u00f3dzka<\/strong><\/p>\n\n\n\n<p class=\"has-text-align-center has-small-font-size\">Psycholog, certyfikowany psychoterapeuta<\/p>\n<\/div>\n<\/div>\n\n\n\n<div class=\"wp-block-column is-layout-flow wp-block-column-is-layout-flow\">\n\n\n<div class=\"wp-block-group is-vertical is-content-justification-center is-nowrap is-layout-flex wp-container-core-group-is-layout-63bfd6c1 wp-block-group-is-layout-flex\">\n<p class=\"has-text-align-center has-small-font-size\"><strong>Agnieszka Czarnocka<\/strong><\/p>\n\n\n\n<p class=\"has-text-align-center has-small-font-size\">Pedagog, terapeuta \u015brodowiskowy<\/p>\n<\/div>\n<\/div>\n\n\n\n<div class=\"wp-block-column is-layout-flow wp-block-column-is-layout-flow\">\n\n\n<div class=\"wp-block-group is-vertical is-content-justification-center is-nowrap is-layout-flex wp-container-core-group-is-layout-63bfd6c1 wp-block-group-is-layout-flex\">\n<p class=\"has-text-align-center has-small-font-size\"><strong>Eliza Cyganowska<\/strong><\/p>\n\n\n\n<p class=\"has-text-align-center has-small-font-size\">Psycholog, certyfikowany psychoterapeuta<\/p>\n<\/div>\n<\/div>\n\n\n\n<div class=\"wp-block-column is-layout-flow wp-block-column-is-layout-flow\">\n\n\n<div class=\"wp-block-group is-vertical is-content-justification-center is-nowrap is-layout-flex wp-container-core-group-is-layout-21d4e958 wp-block-group-is-layout-flex\">\n<p class=\"has-text-align-center has-small-font-size\"><strong>Kinga Strus<\/strong><\/p>\n\n\n\n<p class=\"has-text-align-center has-small-font-size\">Pedagog, diagnosta<\/p>\n<\/div>\n<\/div>\n<\/div>\n<\/div>\n\n\n\n<div class=\"wp-block-group alignfull has-global-padding is-layout-constrained wp-container-core-group-is-layout-669513ed wp-block-group-is-layout-constrained\" style=\"margin-top:0;margin-bottom:0;padding-top:var(--wp--preset--spacing--50);padding-right:var(--wp--preset--spacing--50);padding-bottom:var(--wp--preset--spacing--50);padding-left:var(--wp--preset--spacing--50)\">\n<div class=\"wp-block-columns alignwide is-layout-flex wp-container-core-columns-is-layout-4935966c wp-block-columns-is-layout-flex\" style=\"padding-right:0;padding-left:0\">\n<div class=\"wp-block-column is-layout-flow wp-block-column-is-layout-flow\">\n\n\n<div class=\"wp-block-group is-vertical is-content-justification-center is-nowrap is-layout-flex wp-container-core-group-is-layout-21d4e958 wp-block-group-is-layout-flex\">\n<p class=\"has-text-align-center has-small-font-size\"><strong>Krystian Mazur<\/strong><\/p>\n\n\n\n<p class=\"has-text-align-center has-small-font-size\">Nauczyciel Wychowani Fizycznego<\/p>\n<\/div>\n<\/div>\n\n\n\n<div class=\"wp-block-column is-layout-flow wp-block-column-is-layout-flow\">\n\n\n<div class=\"wp-block-group is-vertical is-content-justification-center is-nowrap is-layout-flex wp-container-core-group-is-layout-63bfd6c1 wp-block-group-is-layout-flex\">\n<p class=\"has-text-align-center has-small-font-size\">    <\/p>\n\n\n\n<p class=\"has-text-align-center has-small-font-size\"><\/p>\n<\/div>\n<\/div>\n\n\n\n<div class=\"wp-block-column is-layout-flow wp-block-column-is-layout-flow\">\n\n\n<div class=\"wp-block-group is-vertical is-content-justification-center is-nowrap is-layout-flex wp-container-core-group-is-layout-63bfd6c1 wp-block-group-is-layout-flex\">\n<p class=\"has-text-align-center has-small-font-size\">    <\/p>\n\n\n\n<p class=\"has-text-align-center has-small-font-size\"><\/p>\n<\/div>\n<\/div>\n\n\n\n<div class=\"wp-block-column is-layout-flow wp-block-column-is-layout-flow\">\n\n\n<div class=\"wp-block-group is-vertical is-content-justification-center is-nowrap is-layout-flex wp-container-core-group-is-layout-21d4e958 wp-block-group-is-layout-flex\">\n<p class=\"has-text-align-center has-small-font-size\"><\/p>\n\n\n\n<p class=\"has-text-align-center has-small-font-size\"> <\/p>\n<\/div>\n<\/div>\n<\/div>\n<\/div>\n","protected":false},"excerpt":{"rendered":"<p>FUNDACJA (ZA)OPIEKOWANI powsta\u0142a w 2024r z potrzeby serca \u2014 ale te\u017c z g\u0142\u0119bokiego przekonania, \u017ce zdrowie psychiczne to fundament, o kt\u00f3ry warto dba\u0107 od najm\u0142odszych lat. Pojawi\u0142y\u015bmy si\u0119, by wspiera\u0107 dzieci, m\u0142odzie\u017c, ich rodziny, a tak\u017ce osoby doros\u0142e \u2014 niezale\u017cnie od wieku czy \u017cyciowego etapu. Bo ka\u017cdemu nale\u017cy si\u0119 przestrze\u0144, w kt\u00f3rej mo\u017ce poczu\u0107 si\u0119 [&hellip;]<\/p>\n","protected":false},"author":1,"featured_media":0,"parent":0,"menu_order":0,"comment_status":"closed","ping_status":"closed","template":"","meta":{"footnotes":""},"class_list":["post-27","page","type-page","status-publish","hentry"],"yoast_head":"<!-- This site is optimized with the Yoast SEO plugin v25.4 - https:\/\/yoast.com\/wordpress\/plugins\/seo\/ -->\n<title>O Nas -<\/title>\n<meta name=\"robots\" content=\"index, follow, max-snippet:-1, max-image-preview:large, max-video-preview:-1\" \/>\n<link rel=\"canonical\" href=\"https:\/\/fundacjazaopiekowani.com\/?page_id=27\" \/>\n<meta property=\"og:locale\" content=\"pl_PL\" \/>\n<meta property=\"og:type\" content=\"article\" \/>\n<meta property=\"og:title\" content=\"O Nas -\" \/>\n<meta property=\"og:description\" content=\"FUNDACJA (ZA)OPIEKOWANI powsta\u0142a w 2024r z potrzeby serca \u2014 ale te\u017c z g\u0142\u0119bokiego przekonania, \u017ce zdrowie psychiczne to fundament, o kt\u00f3ry warto dba\u0107 od najm\u0142odszych lat. Pojawi\u0142y\u015bmy si\u0119, by wspiera\u0107 dzieci, m\u0142odzie\u017c, ich rodziny, a tak\u017ce osoby doros\u0142e \u2014 niezale\u017cnie od wieku czy \u017cyciowego etapu. Bo ka\u017cdemu nale\u017cy si\u0119 przestrze\u0144, w kt\u00f3rej mo\u017ce poczu\u0107 si\u0119 [&hellip;]\" \/>\n<meta property=\"og:url\" content=\"https:\/\/fundacjazaopiekowani.com\/?page_id=27\" \/>\n<meta property=\"article:modified_time\" content=\"2025-07-29T22:31:57+00:00\" \/>\n<meta property=\"og:image\" content=\"https:\/\/fundacjazaopiekowani.com\/wp-content\/themes\/twentytwentyfour\/assets\/images\/museum.webp\" \/>\n<meta name=\"twitter:card\" content=\"summary_large_image\" \/>\n<meta name=\"twitter:label1\" content=\"Szacowany czas czytania\" \/>\n\t<meta name=\"twitter:data1\" content=\"4 minuty\" \/>\n<script type=\"application\/ld+json\" class=\"yoast-schema-graph\">{\"@context\":\"https:\/\/schema.org\",\"@graph\":[{\"@type\":\"WebPage\",\"@id\":\"https:\/\/fundacjazaopiekowani.com\/?page_id=27\",\"url\":\"https:\/\/fundacjazaopiekowani.com\/?page_id=27\",\"name\":\"O Nas -\",\"isPartOf\":{\"@id\":\"https:\/\/fundacjazaopiekowani.com\/#website\"},\"primaryImageOfPage\":{\"@id\":\"https:\/\/fundacjazaopiekowani.com\/?page_id=27#primaryimage\"},\"image\":{\"@id\":\"https:\/\/fundacjazaopiekowani.com\/?page_id=27#primaryimage\"},\"thumbnailUrl\":\"https:\/\/fundacjazaopiekowani.com\/wp-content\/themes\/twentytwentyfour\/assets\/images\/museum.webp\",\"datePublished\":\"2025-07-15T21:24:48+00:00\",\"dateModified\":\"2025-07-29T22:31:57+00:00\",\"breadcrumb\":{\"@id\":\"https:\/\/fundacjazaopiekowani.com\/?page_id=27#breadcrumb\"},\"inLanguage\":\"pl-PL\",\"potentialAction\":[{\"@type\":\"ReadAction\",\"target\":[\"https:\/\/fundacjazaopiekowani.com\/?page_id=27\"]}]},{\"@type\":\"ImageObject\",\"inLanguage\":\"pl-PL\",\"@id\":\"https:\/\/fundacjazaopiekowani.com\/?page_id=27#primaryimage\",\"url\":\"https:\/\/fundacjazaopiekowani.com\/wp-content\/themes\/twentytwentyfour\/assets\/images\/museum.webp\",\"contentUrl\":\"https:\/\/fundacjazaopiekowani.com\/wp-content\/themes\/twentytwentyfour\/assets\/images\/museum.webp\"},{\"@type\":\"BreadcrumbList\",\"@id\":\"https:\/\/fundacjazaopiekowani.com\/?page_id=27#breadcrumb\",\"itemListElement\":[{\"@type\":\"ListItem\",\"position\":1,\"name\":\"Home\",\"item\":\"https:\/\/fundacjazaopiekowani.com\/\"},{\"@type\":\"ListItem\",\"position\":2,\"name\":\"O Nas\"}]},{\"@type\":\"WebSite\",\"@id\":\"https:\/\/fundacjazaopiekowani.com\/#website\",\"url\":\"https:\/\/fundacjazaopiekowani.com\/\",\"name\":\"\",\"description\":\"\",\"potentialAction\":[{\"@type\":\"SearchAction\",\"target\":{\"@type\":\"EntryPoint\",\"urlTemplate\":\"https:\/\/fundacjazaopiekowani.com\/?s={search_term_string}\"},\"query-input\":{\"@type\":\"PropertyValueSpecification\",\"valueRequired\":true,\"valueName\":\"search_term_string\"}}],\"inLanguage\":\"pl-PL\"}]}<\/script>\n<!-- \/ Yoast SEO plugin. -->","yoast_head_json":{"title":"O Nas -","robots":{"index":"index","follow":"follow","max-snippet":"max-snippet:-1","max-image-preview":"max-image-preview:large","max-video-preview":"max-video-preview:-1"},"canonical":"https:\/\/fundacjazaopiekowani.com\/?page_id=27","og_locale":"pl_PL","og_type":"article","og_title":"O Nas -","og_description":"FUNDACJA (ZA)OPIEKOWANI powsta\u0142a w 2024r z potrzeby serca \u2014 ale te\u017c z g\u0142\u0119bokiego przekonania, \u017ce zdrowie psychiczne to fundament, o kt\u00f3ry warto dba\u0107 od najm\u0142odszych lat. Pojawi\u0142y\u015bmy si\u0119, by wspiera\u0107 dzieci, m\u0142odzie\u017c, ich rodziny, a tak\u017ce osoby doros\u0142e \u2014 niezale\u017cnie od wieku czy \u017cyciowego etapu. Bo ka\u017cdemu nale\u017cy si\u0119 przestrze\u0144, w kt\u00f3rej mo\u017ce poczu\u0107 si\u0119 [&hellip;]","og_url":"https:\/\/fundacjazaopiekowani.com\/?page_id=27","article_modified_time":"2025-07-29T22:31:57+00:00","og_image":[{"url":"https:\/\/fundacjazaopiekowani.com\/wp-content\/themes\/twentytwentyfour\/assets\/images\/museum.webp","type":"","width":"","height":""}],"twitter_card":"summary_large_image","twitter_misc":{"Szacowany czas czytania":"4 minuty"},"schema":{"@context":"https:\/\/schema.org","@graph":[{"@type":"WebPage","@id":"https:\/\/fundacjazaopiekowani.com\/?page_id=27","url":"https:\/\/fundacjazaopiekowani.com\/?page_id=27","name":"O Nas -","isPartOf":{"@id":"https:\/\/fundacjazaopiekowani.com\/#website"},"primaryImageOfPage":{"@id":"https:\/\/fundacjazaopiekowani.com\/?page_id=27#primaryimage"},"image":{"@id":"https:\/\/fundacjazaopiekowani.com\/?page_id=27#primaryimage"},"thumbnailUrl":"https:\/\/fundacjazaopiekowani.com\/wp-content\/themes\/twentytwentyfour\/assets\/images\/museum.webp","datePublished":"2025-07-15T21:24:48+00:00","dateModified":"2025-07-29T22:31:57+00:00","breadcrumb":{"@id":"https:\/\/fundacjazaopiekowani.com\/?page_id=27#breadcrumb"},"inLanguage":"pl-PL","potentialAction":[{"@type":"ReadAction","target":["https:\/\/fundacjazaopiekowani.com\/?page_id=27"]}]},{"@type":"ImageObject","inLanguage":"pl-PL","@id":"https:\/\/fundacjazaopiekowani.com\/?page_id=27#primaryimage","url":"https:\/\/fundacjazaopiekowani.com\/wp-content\/themes\/twentytwentyfour\/assets\/images\/museum.webp","contentUrl":"https:\/\/fundacjazaopiekowani.com\/wp-content\/themes\/twentytwentyfour\/assets\/images\/museum.webp"},{"@type":"BreadcrumbList","@id":"https:\/\/fundacjazaopiekowani.com\/?page_id=27#breadcrumb","itemListElement":[{"@type":"ListItem","position":1,"name":"Home","item":"https:\/\/fundacjazaopiekowani.com\/"},{"@type":"ListItem","position":2,"name":"O Nas"}]},{"@type":"WebSite","@id":"https:\/\/fundacjazaopiekowani.com\/#website","url":"https:\/\/fundacjazaopiekowani.com\/","name":"","description":"","potentialAction":[{"@type":"SearchAction","target":{"@type":"EntryPoint","urlTemplate":"https:\/\/fundacjazaopiekowani.com\/?s={search_term_string}"},"query-input":{"@type":"PropertyValueSpecification","valueRequired":true,"valueName":"search_term_string"}}],"inLanguage":"pl-PL"}]}},"_links":{"self":[{"href":"https:\/\/fundacjazaopiekowani.com\/index.php?rest_route=\/wp\/v2\/pages\/27","targetHints":{"allow":["GET"]}}],"collection":[{"href":"https:\/\/fundacjazaopiekowani.com\/index.php?rest_route=\/wp\/v2\/pages"}],"about":[{"href":"https:\/\/fundacjazaopiekowani.com\/index.php?rest_route=\/wp\/v2\/types\/page"}],"author":[{"embeddable":true,"href":"https:\/\/fundacjazaopiekowani.com\/index.php?rest_route=\/wp\/v2\/users\/1"}],"replies":[{"embeddable":true,"href":"https:\/\/fundacjazaopiekowani.com\/index.php?rest_route=%2Fwp%2Fv2%2Fcomments&post=27"}],"version-history":[{"count":15,"href":"https:\/\/fundacjazaopiekowani.com\/index.php?rest_route=\/wp\/v2\/pages\/27\/revisions"}],"predecessor-version":[{"id":128,"href":"https:\/\/fundacjazaopiekowani.com\/index.php?rest_route=\/wp\/v2\/pages\/27\/revisions\/128"}],"wp:attachment":[{"href":"https:\/\/fundacjazaopiekowani.com\/index.php?rest_route=%2Fwp%2Fv2%2Fmedia&parent=27"}],"curies":[{"name":"wp","href":"https:\/\/api.w.org\/{rel}","templated":true}]}}